{"id":60,"date":"2020-11-14T07:24:54","date_gmt":"2020-11-14T07:24:54","guid":{"rendered":"https:\/\/arosolutions.fi\/wp\/colibri-wp\/"},"modified":"2021-02-06T10:03:26","modified_gmt":"2021-02-06T10:03:26","slug":"etusivu","status":"publish","type":"page","link":"https:\/\/hio-tuote.com\/wp\/","title":{"rendered":"HIO-tuote Oy"},"content":{"rendered":"\n<figure class=\"wp-block-gallery alignright columns-1 is-cropped wp-block-gallery-1 is-layout-flex wp-block-gallery-is-layout-flex\"><ul class=\"blocks-gallery-grid\"><li class=\"blocks-gallery-item\"><figure><img loading=\"lazy\" decoding=\"async\" width=\"515\" height=\"402\" src=\"https:\/\/hio-tuote.com\/wp\/wp-content\/uploads\/2020\/11\/Kovapalapora-SF-big.jpg\" alt=\"Kovapalapora SF \" data-id=\"164\" data-full-url=\"https:\/\/hio-tuote.com\/wp\/wp-content\/uploads\/2020\/11\/Kovapalapora-SF-big.jpg\" data-link=\"https:\/\/arosolutions.fi\/wp\/kovapalapora-sf-big\/\" class=\"wp-image-164\" srcset=\"https:\/\/hio-tuote.com\/wp\/wp-content\/uploads\/2020\/11\/Kovapalapora-SF-big.jpg 515w, https:\/\/hio-tuote.com\/wp\/wp-content\/uploads\/2020\/11\/Kovapalapora-SF-big-300x234.jpg 300w\" sizes=\"auto, (max-width: 515px) 100vw, 515px\" \/><\/figure><\/li><li class=\"blocks-gallery-item\"><figure><img decoding=\"async\" src=\"https:\/\/hio-tuote.com\/wp\/wp-content\/uploads\/2020\/11\/Laajennuslaippa-big.jpg\" alt=\"\" data-id=\"155\" data-full-url=\"https:\/\/hio-tuote.com\/wp\/wp-content\/uploads\/2020\/11\/Laajennuslaippa-big.jpg\" data-link=\"https:\/\/arosolutions.fi\/wp\/colibri-wp\/olympus-digital-camera-3\/\" class=\"wp-image-155\"\/><\/figure><\/li><\/ul><\/figure>\n\n\n<div class=\"div_par_text_index\">\n<p>HIO-tuote Oy on Paimiossa toimiva yritys, joka on perustettu vuonna 1990.<\/p>\n<p>Yrityksemme valmistaa ja tarjoaa vesi- ja viem\u00e4rialan erikoisty\u00f6kaluja sek\u00e4 rakennusalan porausty\u00f6kaluja.<\/p>\n<p>Tavoitteenamme on tarjota laadukkaita ja luotettavia ratkaisuja ty\u00f6tehokkuutta silm\u00e4ll\u00e4 pit\u00e4en. Neuvomme ja vastaamme mielell\u00e4mme tuotteita koskeviin kysymyksiin.<\/p>\n<p>Hio-tuote Oy:n t\u00e4rkeimpi\u00e4 toimintaperiaatteita ovat:<br>* Laadukkaiden tuotteiden tarjoaminen<br>* Tuotteiden ja varaosien nopea toimitus<br>* Asiantunteva opastus tuotteiden k\u00e4ytt\u00f6\u00f6notossa<\/p>\n<\/div>","protected":false},"excerpt":{"rendered":"<p>HIO-tuote Oy on Paimiossa toimiva yritys, joka on perustettu vuonna 1990. Yrityksemme valmistaa ja tarjoaa vesi- ja viem\u00e4rialan erikoisty\u00f6kaluja sek\u00e4 rakennusalan porausty\u00f6kaluja. Tavoitteenamme on tarjota laadukkaita ja luotettavia ratkaisuja ty\u00f6tehokkuutta silm\u00e4ll\u00e4 pit\u00e4en. Neuvomme ja vastaamme mielell\u00e4mme tuotteita koskeviin kysymyksiin. Hio-tuote Oy:n t\u00e4rkeimpi\u00e4 toimintaperiaatteita ovat:* Laadukkaiden tuotteiden tarjoaminen* Tuotteiden ja varaosien nopea toimitus* Asiantunteva opastus tuotteiden [&hellip;]<\/p>\n","protected":false},"author":1,"featured_media":0,"parent":0,"menu_order":0,"comment_status":"closed","ping_status":"closed","template":"templates\/template-full-width.php","meta":{"footnotes":""},"class_list":["post-60","page","type-page","status-publish","hentry"],"_links":{"self":[{"href":"https:\/\/hio-tuote.com\/wp\/wp-json\/wp\/v2\/pages\/60","targetHints":{"allow":["GET"]}}],"collection":[{"href":"https:\/\/hio-tuote.com\/wp\/wp-json\/wp\/v2\/pages"}],"about":[{"href":"https:\/\/hio-tuote.com\/wp\/wp-json\/wp\/v2\/types\/page"}],"author":[{"embeddable":true,"href":"https:\/\/hio-tuote.com\/wp\/wp-json\/wp\/v2\/users\/1"}],"replies":[{"embeddable":true,"href":"https:\/\/hio-tuote.com\/wp\/wp-json\/wp\/v2\/comments?post=60"}],"version-history":[{"count":1,"href":"https:\/\/hio-tuote.com\/wp\/wp-json\/wp\/v2\/pages\/60\/revisions"}],"predecessor-version":[{"id":382,"href":"https:\/\/hio-tuote.com\/wp\/wp-json\/wp\/v2\/pages\/60\/revisions\/382"}],"wp:attachment":[{"href":"https:\/\/hio-tuote.com\/wp\/wp-json\/wp\/v2\/media?parent=60"}],"curies":[{"name":"wp","href":"https:\/\/api.w.org\/{rel}","templated":true}]}}